{"id":60,"date":"2022-10-28T14:02:51","date_gmt":"2022-10-28T14:02:51","guid":{"rendered":"https:\/\/ex-door.com\/?page_id=60"},"modified":"2022-11-10T18:15:57","modified_gmt":"2022-11-10T18:15:57","slug":"impressum","status":"publish","type":"page","link":"https:\/\/ex-door.com\/en\/impressum\/","title":{"rendered":"Imprint"},"content":{"rendered":"<div data-elementor-type=\"wp-page\" data-elementor-id=\"60\" class=\"elementor elementor-60\">\n\t\t\t\t\t\t\t\t\t<section class=\"elementor-section elementor-top-section elementor-element elementor-element-77ae654 elementor-section-full_width elementor-section-height-default elementor-section-height-default\" data-id=\"77ae654\" data-element_type=\"section\" data-settings=\"{&quot;background_background&quot;:&quot;classic&quot;,&quot;sticky&quot;:&quot;top&quot;,&quot;sticky_on&quot;:[&quot;desktop&quot;,&quot;tablet&quot;,&quot;mobile&quot;],&quot;sticky_offset&quot;:0,&quot;sticky_effects_offset&quot;:0}\">\n\t\t\t\t\t\t<div class=\"elementor-container elementor-column-gap-default\">\n\t\t\t\t\t<div class=\"elementor-column elementor-col-50 elementor-top-column elementor-element elementor-element-c077558\" data-id=\"c077558\" data-element_type=\"column\">\n\t\t\t<div class=\"elementor-widget-wrap elementor-element-populated\">\n\t\t\t\t\t\t\t\t<div class=\"elementor-element elementor-element-170e9f4 elementor-widget elementor-widget-image\" data-id=\"170e9f4\" data-element_type=\"widget\" data-widget_type=\"image.default\">\n\t\t\t\t<div class=\"elementor-widget-container\">\n\t\t\t<style>\/*! elementor - v3.8.0 - 30-10-2022 *\/\n.elementor-widget-image{text-align:center}.elementor-widget-image a{display:inline-block}.elementor-widget-image a img[src$=\".svg\"]{width:48px}.elementor-widget-image img{vertical-align:middle;display:inline-block}<\/style>\t\t\t\t\t\t\t\t\t\t\t\t\t<a href=\"https:\/\/ex-door.com\/en\/\">\n\t\t\t\t\t\t\t<img width=\"450\" height=\"150\" src=\"https:\/\/ex-door.com\/wp-content\/uploads\/2022\/11\/Logo.jpg\" class=\"attachment-full size-full\" alt=\"\" loading=\"lazy\" srcset=\"https:\/\/ex-door.com\/wp-content\/uploads\/2022\/11\/Logo.jpg 450w, https:\/\/ex-door.com\/wp-content\/uploads\/2022\/11\/Logo-300x100.jpg 300w\" sizes=\"(max-width: 450px) 100vw, 450px\" \/>\t\t\t\t\t\t\t\t<\/a>\n\t\t\t\t\t\t\t\t\t\t\t\t\t\t\t<\/div>\n\t\t\t\t<\/div>\n\t\t\t\t\t<\/div>\n\t\t<\/div>\n\t\t\t\t<div class=\"elementor-column elementor-col-50 elementor-top-column elementor-element elementor-element-f5dfd24\" data-id=\"f5dfd24\" data-element_type=\"column\">\n\t\t\t<div class=\"elementor-widget-wrap elementor-element-populated\">\n\t\t\t\t\t\t\t\t<div class=\"elementor-element elementor-element-78dd153 elementor-nav-menu__align-right elementor-nav-menu--stretch elementor-nav-menu--dropdown-tablet elementor-nav-menu__text-align-aside elementor-nav-menu--toggle elementor-nav-menu--burger elementor-widget elementor-widget-nav-menu\" data-id=\"78dd153\" data-element_type=\"widget\" data-settings=\"{&quot;full_width&quot;:&quot;stretch&quot;,&quot;layout&quot;:&quot;horizontal&quot;,&quot;submenu_icon&quot;:{&quot;value&quot;:&quot;&lt;i class=\\&quot;fas fa-caret-down\\&quot;&gt;&lt;\\\/i&gt;&quot;,&quot;library&quot;:&quot;fa-solid&quot;},&quot;toggle&quot;:&quot;burger&quot;}\" data-widget_type=\"nav-menu.default\">\n\t\t\t\t<div class=\"elementor-widget-container\">\n\t\t\t<link rel=\"stylesheet\" href=\"https:\/\/ex-door.com\/wp-content\/plugins\/elementor-pro\/assets\/css\/widget-nav-menu.min.css\">\t\t\t<nav migration_allowed=\"1\" migrated=\"0\" role=\"navigation\" class=\"elementor-nav-menu--main elementor-nav-menu__container elementor-nav-menu--layout-horizontal e--pointer-none\">\n\t\t\t\t<ul id=\"menu-1-78dd153\" class=\"elementor-nav-menu\"><li class=\"menu-item menu-item-type-post_type menu-item-object-page menu-item-79\"><a href=\"https:\/\/ex-door.com\/en\/ueber-uns\/\" class=\"elementor-item\">About us<\/a><\/li>\n<li class=\"menu-item menu-item-type-post_type menu-item-object-page menu-item-80\"><a href=\"https:\/\/ex-door.com\/en\/transportwege\/\" class=\"elementor-item\">Transportation<\/a><\/li>\n<li class=\"menu-item menu-item-type-post_type menu-item-object-page menu-item-81\"><a href=\"https:\/\/ex-door.com\/en\/industrie\/\" class=\"elementor-item\">Industries<\/a><\/li>\n<li class=\"menu-item menu-item-type-post_type menu-item-object-page menu-item-82\"><a href=\"https:\/\/ex-door.com\/en\/brokerage\/\" class=\"elementor-item\">Brokerage<\/a><\/li>\n<li class=\"menu-item menu-item-type-post_type menu-item-object-page menu-item-83\"><a href=\"https:\/\/ex-door.com\/en\/zoll-abwicklung\/\" class=\"elementor-item\">Customs<\/a><\/li>\n<li class=\"menu-item menu-item-type-post_type menu-item-object-page menu-item-661\"><a href=\"https:\/\/ex-door.com\/en\/karriere\/\" class=\"elementor-item\">Career<\/a><\/li>\n<li class=\"menu-item menu-item-type-post_type menu-item-object-page menu-item-84\"><a href=\"https:\/\/ex-door.com\/en\/kontakt\/\" class=\"elementor-item\">Contact<\/a><\/li>\n<\/ul>\t\t\t<\/nav>\n\t\t\t\t\t<div class=\"elementor-menu-toggle\" role=\"button\" tabindex=\"0\" aria-label=\"Menu Toggle\" aria-expanded=\"false\">\n\t\t\t<i aria-hidden=\"true\" role=\"presentation\" class=\"elementor-menu-toggle__icon--open eicon-menu-bar\"><\/i><i aria-hidden=\"true\" role=\"presentation\" class=\"elementor-menu-toggle__icon--close eicon-close\"><\/i>\t\t\t<span class=\"elementor-screen-only\">Menu<\/span>\n\t\t<\/div>\n\t\t\t<nav class=\"elementor-nav-menu--dropdown elementor-nav-menu__container\" role=\"navigation\" aria-hidden=\"true\">\n\t\t\t\t<ul id=\"menu-2-78dd153\" class=\"elementor-nav-menu\"><li class=\"menu-item menu-item-type-post_type menu-item-object-page menu-item-79\"><a href=\"https:\/\/ex-door.com\/en\/ueber-uns\/\" class=\"elementor-item\" tabindex=\"-1\">About us<\/a><\/li>\n<li class=\"menu-item menu-item-type-post_type menu-item-object-page menu-item-80\"><a href=\"https:\/\/ex-door.com\/en\/transportwege\/\" class=\"elementor-item\" tabindex=\"-1\">Transportation<\/a><\/li>\n<li class=\"menu-item menu-item-type-post_type menu-item-object-page menu-item-81\"><a href=\"https:\/\/ex-door.com\/en\/industrie\/\" class=\"elementor-item\" tabindex=\"-1\">Industries<\/a><\/li>\n<li class=\"menu-item menu-item-type-post_type menu-item-object-page menu-item-82\"><a href=\"https:\/\/ex-door.com\/en\/brokerage\/\" class=\"elementor-item\" tabindex=\"-1\">Brokerage<\/a><\/li>\n<li class=\"menu-item menu-item-type-post_type menu-item-object-page menu-item-83\"><a href=\"https:\/\/ex-door.com\/en\/zoll-abwicklung\/\" class=\"elementor-item\" tabindex=\"-1\">Customs<\/a><\/li>\n<li class=\"menu-item menu-item-type-post_type menu-item-object-page menu-item-661\"><a href=\"https:\/\/ex-door.com\/en\/karriere\/\" class=\"elementor-item\" tabindex=\"-1\">Career<\/a><\/li>\n<li class=\"menu-item menu-item-type-post_type menu-item-object-page menu-item-84\"><a href=\"https:\/\/ex-door.com\/en\/kontakt\/\" class=\"elementor-item\" tabindex=\"-1\">Contact<\/a><\/li>\n<\/ul>\t\t\t<\/nav>\n\t\t\t\t<\/div>\n\t\t\t\t<\/div>\n\t\t\t\t\t<\/div>\n\t\t<\/div>\n\t\t\t\t\t\t\t<\/div>\n\t\t<\/section>\n\t\t\t\t<section class=\"elementor-section elementor-top-section elementor-element elementor-element-e7a4b32 elementor-section-full_width elementor-section-height-default elementor-section-height-default\" data-id=\"e7a4b32\" data-element_type=\"section\">\n\t\t\t\t\t\t<div class=\"elementor-container elementor-column-gap-default\">\n\t\t\t\t\t<div class=\"elementor-column elementor-col-100 elementor-top-column elementor-element elementor-element-b5d523b\" data-id=\"b5d523b\" data-element_type=\"column\">\n\t\t\t<div class=\"elementor-widget-wrap elementor-element-populated\">\n\t\t\t\t\t\t\t\t<div class=\"elementor-element elementor-element-6ea8ed9 elementor-widget elementor-widget-heading\" data-id=\"6ea8ed9\" data-element_type=\"widget\" data-widget_type=\"heading.default\">\n\t\t\t\t<div class=\"elementor-widget-container\">\n\t\t\t<style>\/*! elementor - v3.8.0 - 30-10-2022 *\/\n.elementor-heading-title{padding:0;margin:0;line-height:1}.elementor-widget-heading .elementor-heading-title[class*=elementor-size-]>a{color:inherit;font-size:inherit;line-height:inherit}.elementor-widget-heading .elementor-heading-title.elementor-size-small{font-size:15px}.elementor-widget-heading .elementor-heading-title.elementor-size-medium{font-size:19px}.elementor-widget-heading .elementor-heading-title.elementor-size-large{font-size:29px}.elementor-widget-heading .elementor-heading-title.elementor-size-xl{font-size:39px}.elementor-widget-heading .elementor-heading-title.elementor-size-xxl{font-size:59px}<\/style><h2 class=\"elementor-heading-title elementor-size-default\">Imprint<\/h2>\t\t<\/div>\n\t\t\t\t<\/div>\n\t\t\t\t<section class=\"elementor-section elementor-inner-section elementor-element elementor-element-82dadd6 elementor-section-full_width elementor-section-height-default elementor-section-height-default\" data-id=\"82dadd6\" data-element_type=\"section\">\n\t\t\t\t\t\t<div class=\"elementor-container elementor-column-gap-custom\">\n\t\t\t\t\t<div class=\"elementor-column elementor-col-50 elementor-inner-column elementor-element elementor-element-ced41d3\" data-id=\"ced41d3\" data-element_type=\"column\">\n\t\t\t<div class=\"elementor-widget-wrap elementor-element-populated\">\n\t\t\t\t\t\t\t\t<div class=\"elementor-element elementor-element-e65c5c4 elementor-widget elementor-widget-text-editor\" data-id=\"e65c5c4\" data-element_type=\"widget\" data-widget_type=\"text-editor.default\">\n\t\t\t\t<div class=\"elementor-widget-container\">\n\t\t\t<style>\/*! elementor - v3.8.0 - 30-10-2022 *\/\n.elementor-widget-text-editor.elementor-drop-cap-view-stacked .elementor-drop-cap{background-color:#818a91;color:#fff}.elementor-widget-text-editor.elementor-drop-cap-view-framed .elementor-drop-cap{color:#818a91;border:3px solid;background-color:transparent}.elementor-widget-text-editor:not(.elementor-drop-cap-view-default) .elementor-drop-cap{margin-top:8px}.elementor-widget-text-editor:not(.elementor-drop-cap-view-default) .elementor-drop-cap-letter{width:1em;height:1em}.elementor-widget-text-editor .elementor-drop-cap{float:left;text-align:center;line-height:1;font-size:50px}.elementor-widget-text-editor .elementor-drop-cap-letter{display:inline-block}<\/style>\t\t\t\t<p>Personally liable company:<br \/>Ex-Door GmbH<br \/>Managing Director: Ardian Bilali<br \/><strong>Ex-Door GmbH<\/strong><br \/><strong>Hollmannstra\u00dfe 23<\/strong><br \/><strong>44229 Dortmund<\/strong><br \/>Telefon +49 (0)231 42575472<br \/>info@ex-door.com<\/p><p>HRB: i.G.<\/p>\t\t\t\t\t\t<\/div>\n\t\t\t\t<\/div>\n\t\t\t\t<div class=\"elementor-element elementor-element-19862d1 elementor-widget elementor-widget-text-editor\" data-id=\"19862d1\" data-element_type=\"widget\" data-widget_type=\"text-editor.default\">\n\t\t\t\t<div class=\"elementor-widget-container\">\n\t\t\t\t\t\t\t<p>The EX-DOOR GmbH cannot in any way guarantee that the information provided on this website is\ncomplete, correct and updated. This also applies to all linkages (\"links\") to which this website refers\ndirectly or indirectly. EX-DOOR GmbH is not responsible for the content of a page reached via\nsuch a link. EX-DOOR GmbH reserves the right to make changes or additions to the information\nprovided without prior notice.<\/p>\t\t\t\t\t\t<\/div>\n\t\t\t\t<\/div>\n\t\t\t\t\t<\/div>\n\t\t<\/div>\n\t\t\t\t<div class=\"elementor-column elementor-col-50 elementor-inner-column elementor-element elementor-element-96cb7bb\" data-id=\"96cb7bb\" data-element_type=\"column\">\n\t\t\t<div class=\"elementor-widget-wrap elementor-element-populated\">\n\t\t\t\t\t\t\t\t<div class=\"elementor-element elementor-element-04da9df elementor-widget elementor-widget-text-editor\" data-id=\"04da9df\" data-element_type=\"widget\" data-widget_type=\"text-editor.default\">\n\t\t\t\t<div class=\"elementor-widget-container\">\n\t\t\t\t\t\t\t<p><strong>Disclaimer<\/strong><br \/>The respective providers are responsible for third-party websites to which the publisher refers via\nso-called links. The publisher accepts no responsibility for the content of such pages provided by\nthird parties. Furthermore, the publisher's website may be linked from other websites by means of\nso-called links without the publisher's knowledge.<br \/>The publisher assumes no responsibility for the presentation, content or any connection to the party\nstructure of the publisher in third-party websites. The publisher is only responsible for third-party\ncontent if he has positive knowledge of it (i.e. also of illegal or punishable content) and if it is\ntechnically possible and reasonable for the publisher to prevent its use. However, according to the\nTeleservices Act, the publisher is not obliged to constantly check external content.<\/p>\t\t\t\t\t\t<\/div>\n\t\t\t\t<\/div>\n\t\t\t\t\t<\/div>\n\t\t<\/div>\n\t\t\t\t\t\t\t<\/div>\n\t\t<\/section>\n\t\t\t\t\t<\/div>\n\t\t<\/div>\n\t\t\t\t\t\t\t<\/div>\n\t\t<\/section>\n\t\t\t\t<section class=\"elementor-section elementor-top-section elementor-element elementor-element-9119163 elementor-section-full_width elementor-section-height-min-height elementor-section-height-default elementor-section-items-middle\" data-id=\"9119163\" data-element_type=\"section\" data-settings=\"{&quot;background_background&quot;:&quot;classic&quot;}\">\n\t\t\t\t\t\t<div class=\"elementor-container elementor-column-gap-default\">\n\t\t\t\t\t<div class=\"elementor-column elementor-col-25 elementor-top-column elementor-element elementor-element-954a890\" data-id=\"954a890\" data-element_type=\"column\">\n\t\t\t<div class=\"elementor-widget-wrap elementor-element-populated\">\n\t\t\t\t\t\t\t\t<div class=\"elementor-element elementor-element-eee15fd elementor-hidden-mobile elementor-widget elementor-widget-image\" data-id=\"eee15fd\" data-element_type=\"widget\" data-widget_type=\"image.default\">\n\t\t\t\t<div class=\"elementor-widget-container\">\n\t\t\t\t\t\t\t\t\t\t\t\t\t\t\t<img width=\"450\" height=\"150\" src=\"https:\/\/ex-door.com\/wp-content\/uploads\/2022\/11\/white-Logo.jpg\" class=\"attachment-full size-full\" alt=\"\" loading=\"lazy\" srcset=\"https:\/\/ex-door.com\/wp-content\/uploads\/2022\/11\/white-Logo.jpg 450w, https:\/\/ex-door.com\/wp-content\/uploads\/2022\/11\/white-Logo-300x100.jpg 300w\" sizes=\"(max-width: 450px) 100vw, 450px\" \/>\t\t\t\t\t\t\t\t\t\t\t\t\t\t\t<\/div>\n\t\t\t\t<\/div>\n\t\t\t\t\t<\/div>\n\t\t<\/div>\n\t\t\t\t<div class=\"elementor-column elementor-col-25 elementor-top-column elementor-element elementor-element-49223c6\" data-id=\"49223c6\" data-element_type=\"column\">\n\t\t\t<div class=\"elementor-widget-wrap elementor-element-populated\">\n\t\t\t\t\t\t\t\t<div class=\"elementor-element elementor-element-ecd2729 elementor-widget elementor-widget-heading\" data-id=\"ecd2729\" data-element_type=\"widget\" data-widget_type=\"heading.default\">\n\t\t\t\t<div class=\"elementor-widget-container\">\n\t\t\t<h2 class=\"elementor-heading-title elementor-size-default\">EX-DOOR GmbH<\/h2>\t\t<\/div>\n\t\t\t\t<\/div>\n\t\t\t\t<div class=\"elementor-element elementor-element-53aa8be elementor-widget__width-initial elementor-widget elementor-widget-text-editor\" data-id=\"53aa8be\" data-element_type=\"widget\" data-widget_type=\"text-editor.default\">\n\t\t\t\t<div class=\"elementor-widget-container\">\n\t\t\t\t\t\t\tHeadquarters:<br>Germany<br>Hollmannstra\u00dfe 23<br>44229 Dortmund\t\t\t\t\t\t<\/div>\n\t\t\t\t<\/div>\n\t\t\t\t\t<\/div>\n\t\t<\/div>\n\t\t\t\t<div class=\"elementor-column elementor-col-25 elementor-top-column elementor-element elementor-element-a9f5962\" data-id=\"a9f5962\" data-element_type=\"column\">\n\t\t\t<div class=\"elementor-widget-wrap elementor-element-populated\">\n\t\t\t\t\t\t\t\t<div class=\"elementor-element elementor-element-e733843 elementor-widget elementor-widget-heading\" data-id=\"e733843\" data-element_type=\"widget\" data-widget_type=\"heading.default\">\n\t\t\t\t<div class=\"elementor-widget-container\">\n\t\t\t<h2 class=\"elementor-heading-title elementor-size-default\">Contact<\/h2>\t\t<\/div>\n\t\t\t\t<\/div>\n\t\t\t\t<div class=\"elementor-element elementor-element-099b428 elementor-widget__width-initial elementor-widget elementor-widget-text-editor\" data-id=\"099b428\" data-element_type=\"widget\" data-widget_type=\"text-editor.default\">\n\t\t\t\t<div class=\"elementor-widget-container\">\n\t\t\t\t\t\t\t+49 (0)231 42575472<br>\ninfo@ex-door.com<br>\n<span style=\"color: #142b44;\">hallo<\/span><br>\n<span style=\"color: #142b44;\">hallo<\/span>\t\t\t\t\t\t<\/div>\n\t\t\t\t<\/div>\n\t\t\t\t\t<\/div>\n\t\t<\/div>\n\t\t\t\t<div class=\"elementor-column elementor-col-25 elementor-top-column elementor-element elementor-element-e247321\" data-id=\"e247321\" data-element_type=\"column\">\n\t\t\t<div class=\"elementor-widget-wrap elementor-element-populated\">\n\t\t\t\t\t\t\t\t<div class=\"elementor-element elementor-element-487c874 elementor-widget elementor-widget-heading\" data-id=\"487c874\" data-element_type=\"widget\" data-widget_type=\"heading.default\">\n\t\t\t\t<div class=\"elementor-widget-container\">\n\t\t\t<h2 class=\"elementor-heading-title elementor-size-default\">Legal information<\/h2>\t\t<\/div>\n\t\t\t\t<\/div>\n\t\t\t\t<div class=\"elementor-element elementor-element-264ce51 elementor-widget__width-initial elementor-widget elementor-widget-text-editor\" data-id=\"264ce51\" data-element_type=\"widget\" data-widget_type=\"text-editor.default\">\n\t\t\t\t<div class=\"elementor-widget-container\">\n\t\t\t\t\t\t\t<span style=\"color: #ffffff;\"><a style=\"color: #ffffff;\" href=\"https:\/\/ex-door.com\/en\/impressum\/\">Imprint<\/a><\/span><br>\n<span style=\"color: #ffffff;\"><a style=\"color: #ffffff;\" href=\"https:\/\/ex-door.com\/en\/datenschutz\/\">Privacy policy<\/a><\/span><br>\n<span style=\"color: #142b44;\">hallo<\/span><br>\n<span style=\"color: #142b44;\">hallo<\/span>\t\t\t\t\t\t<\/div>\n\t\t\t\t<\/div>\n\t\t\t\t\t<\/div>\n\t\t<\/div>\n\t\t\t\t\t\t\t<\/div>\n\t\t<\/section>\n\t\t\t\t\t\t\t<\/div>","protected":false},"excerpt":{"rendered":"<p>Impressum Pers\u00f6nlich haftende Gesellschaft:Ex-Door GmbHGesch\u00e4ftsf\u00fchrer: Ardian BilaliEx-Door GmbHHollmannstra\u00dfe 2344229 DortmundTelefon +49 (0)231 42575472info@ex-door.com HRB: i.G. Die EX-DOOR GmbH \u00fcbernimmt keine Garantie daf\u00fcr, dass die auf dieser Website bereitgestellten Informationen vollst\u00e4ndig, richtig und in jedem Fall aktuell sind. Dies gilt auch f\u00fcr alle Verbindungen (Links), auf die diese Website direkt oder indirekt verweist. EX-DOOR GmbH ist [&hellip;]<\/p>","protected":false},"author":1,"featured_media":0,"parent":0,"menu_order":0,"comment_status":"closed","ping_status":"closed","template":"elementor_canvas","meta":[],"_links":{"self":[{"href":"https:\/\/ex-door.com\/en\/wp-json\/wp\/v2\/pages\/60"}],"collection":[{"href":"https:\/\/ex-door.com\/en\/wp-json\/wp\/v2\/pages"}],"about":[{"href":"https:\/\/ex-door.com\/en\/wp-json\/wp\/v2\/types\/page"}],"author":[{"embeddable":true,"href":"https:\/\/ex-door.com\/en\/wp-json\/wp\/v2\/users\/1"}],"replies":[{"embeddable":true,"href":"https:\/\/ex-door.com\/en\/wp-json\/wp\/v2\/comments?post=60"}],"version-history":[{"count":49,"href":"https:\/\/ex-door.com\/en\/wp-json\/wp\/v2\/pages\/60\/revisions"}],"predecessor-version":[{"id":1094,"href":"https:\/\/ex-door.com\/en\/wp-json\/wp\/v2\/pages\/60\/revisions\/1094"}],"wp:attachment":[{"href":"https:\/\/ex-door.com\/en\/wp-json\/wp\/v2\/media?parent=60"}],"curies":[{"name":"wp","href":"https:\/\/api.w.org\/{rel}","templated":true}]}}